{"id":4,"date":"2017-03-21T17:04:48","date_gmt":"2017-03-21T17:04:48","guid":{"rendered":"http:\/\/rosevonstein.de\/?page_id=4"},"modified":"2017-03-22T17:40:48","modified_gmt":"2017-03-22T17:40:48","slug":"4-2","status":"publish","type":"page","link":"https:\/\/rosevonstein.de\/","title":{"rendered":"Mein Angebot"},"content":{"rendered":"<div id=\"id1\" class=\"style_SkipStroke shape-with-text\">\n<div class=\"text-content graphic_shape_layout_style_default_External_300_41\">\n<div class=\"graphic_shape_layout_style_default\">\n<p class=\"paragraph_style\"><img decoding=\"async\" class=\"alignleft\" src=\"http:\/\/logotherapie-stuttgart.de\/Logotherapie_Stuttgart\/Mein_Angebot_files\/7503664_xl.jpg\" alt=\"\" \/><\/p>\n<\/div>\n<\/div>\n<\/div>\n<div class=\"tinyText stroke_0\">\n<h3><span style=\"color: #808080;\">\u00c4ndere deine Situation oder deine Einstellung dazu.<\/span><\/h3>\n<p>Logotherapie und Existenzanalyse, begr\u00fcndet von Viktor Frankl, international bekannter Psychiater und Neurologe.<\/p>\n<\/div>\n<div id=\"id2\" class=\"style_SkipStroke_1 shape-with-text\">\n<div class=\"text-content graphic_textbox_layout_style_default_External_296_217\">\n<div class=\"graphic_textbox_layout_style_default\">\n<p class=\"paragraph_style_1\" lang=\"--multilingual\" xml:lang=\"--multilingual\">Die Grundgedanken der Logotherapie und Existenzanalyse lauten:<\/p>\n<p class=\"paragraph_style_1\" lang=\"--multilingual\" xml:lang=\"--multilingual\">Der Mensch ist seinem Wesen nach wert- und sinnorientiert. Der Wille ein sinnvolles Leben zu f\u00fchren, ist das zentrale Motiv. Die Frustration des Willens zum Sinn f\u00fchrt zu einer F\u00fclle von St\u00f6rungen. Logotherapie und Existenzanalyse hilft durch eine gezielte Gespr\u00e4chsf\u00fchrung, Sinn im je eigenen Leben zu entdecken \u2013 trotz allem. Sie hilft auch die entstandenen St\u00f6rungen zu bearbeiten und zu l\u00f6sen<\/p>\n<\/div>\n<\/div>\n<\/div>\n<div class=\"tinyText stroke_1\"><\/div>\n<div class=\"spacer\"><\/div>\n<div class=\"spacer\"><\/div>\n<div class=\"spacer\"><\/div>\n<h3 class=\"spacer\"><span style=\"color: #dd3333;\">Meine Themen<\/span><\/h3>\n<table>\n<colgroup>\n<col span=\"6\" \/> <\/colgroup>\n<tbody>\n<tr>\n<td><img decoding=\"async\" loading=\"lazy\" class=\"alignnone size-full wp-image-38\" src=\"http:\/\/rosevonstein.de\/wp-content\/uploads\/2017\/03\/shapeimage_5.png\" alt=\"\" width=\"110\" height=\"83\" \/><\/td>\n<td>  <\/td>\n<td><img decoding=\"async\" loading=\"lazy\" class=\"alignnone size-full wp-image-37\" src=\"http:\/\/rosevonstein.de\/wp-content\/uploads\/2017\/03\/shapeimage_6.png\" alt=\"\" width=\"110\" height=\"83\" \/><\/td>\n<td><img decoding=\"async\" loading=\"lazy\" class=\"alignnone size-full wp-image-36\" src=\"http:\/\/rosevonstein.de\/wp-content\/uploads\/2017\/03\/shapeimage_3.png\" alt=\"\" width=\"110\" height=\"83\" \/><\/td>\n<td><img decoding=\"async\" loading=\"lazy\" class=\"alignnone size-full wp-image-35\" src=\"http:\/\/rosevonstein.de\/wp-content\/uploads\/2017\/03\/shapeimage_2.png\" alt=\"\" width=\"108\" height=\"83\" \/><\/td>\n<td><img decoding=\"async\" loading=\"lazy\" class=\"alignnone size-full wp-image-34\" src=\"http:\/\/rosevonstein.de\/wp-content\/uploads\/2017\/03\/shapeimage_7.png\" alt=\"\" width=\"110\" height=\"83\" \/><\/td>\n<\/tr>\n<tr>\n<td><strong>Krisenpr\u00e4vention <\/strong><\/td>\n<td>  <\/td>\n<td><strong>Pers\u00f6nlichkeitsbildung <\/strong><\/td>\n<td><strong>Krisenintervention <\/strong><\/td>\n<td><strong>Kommunikation und Benimm<\/strong><\/td>\n<td><strong>Paarberatung <\/strong><\/td>\n<\/tr>\n<tr>\n<td valign=\"top\">Vorbeugung seelischer und k\u00f6rperlicher St\u00f6rungen<br \/>\ndurch St\u00e4rkung der in jedem Menschen auch vorhandenen Ressourcen.<\/td>\n<td>  <\/td>\n<td valign=\"top\">Entfaltung der Pers\u00f6nlichkeit, positive Lebensgestaltung, Finden eines Lebensthemas.<\/td>\n<td valign=\"top\">Unterst\u00fctzende Begleitung bei Krisen wie Verlust von Beziehung oder Arbeit, chronischer Krankheit, Entwicklungskrisen, Schuld, irreversiblem Schicksal; Hilfen zur Annahme und Bew\u00e4ltigung von Problemen.<\/td>\n<td valign=\"top\">Was nutzen Benimmregeln ? Was sagt mir die K\u00f6rpersprache meines Gegen\u00fcbers ? Wie kann und will ich damit umgehen ? Wie Benimmregeln die Kommunikation organisieren und erleichtern.<\/td>\n<td valign=\"top\">Verst\u00e4ndnis von Partnerschaft, Beziehungsprobleme, Entwicklungsherausforderungen<\/td>\n<\/tr>\n<\/tbody>\n<\/table>\n","protected":false},"excerpt":{"rendered":"<p>\u00c4ndere deine Situation oder deine Einstellung dazu. Logotherapie und Existenzanalyse, begr\u00fcndet von Viktor Frankl, international bekannter Psychiater und Neurologe. Die Grundgedanken der Logotherapie und Existenzanalyse lauten: Der Mensch ist seinem Wesen nach wert- und sinnorientiert.[&#8230;]<\/p>\n","protected":false},"author":1,"featured_media":0,"parent":0,"menu_order":0,"comment_status":"closed","ping_status":"closed","template":"","meta":[],"_links":{"self":[{"href":"https:\/\/rosevonstein.de\/index.php?rest_route=\/wp\/v2\/pages\/4"}],"collection":[{"href":"https:\/\/rosevonstein.de\/index.php?rest_route=\/wp\/v2\/pages"}],"about":[{"href":"https:\/\/rosevonstein.de\/index.php?rest_route=\/wp\/v2\/types\/page"}],"author":[{"embeddable":true,"href":"https:\/\/rosevonstein.de\/index.php?rest_route=\/wp\/v2\/users\/1"}],"replies":[{"embeddable":true,"href":"https:\/\/rosevonstein.de\/index.php?rest_route=%2Fwp%2Fv2%2Fcomments&post=4"}],"version-history":[{"count":43,"href":"https:\/\/rosevonstein.de\/index.php?rest_route=\/wp\/v2\/pages\/4\/revisions"}],"predecessor-version":[{"id":145,"href":"https:\/\/rosevonstein.de\/index.php?rest_route=\/wp\/v2\/pages\/4\/revisions\/145"}],"wp:attachment":[{"href":"https:\/\/rosevonstein.de\/index.php?rest_route=%2Fwp%2Fv2%2Fmedia&parent=4"}],"curies":[{"name":"wp","href":"https:\/\/api.w.org\/{rel}","templated":true}]}}