{"id":32,"date":"2017-03-22T11:38:07","date_gmt":"2017-03-22T11:38:07","guid":{"rendered":"http:\/\/rosevonstein.de\/?page_id=32"},"modified":"2017-03-22T11:52:00","modified_gmt":"2017-03-22T11:52:00","slug":"krisenpraevention","status":"publish","type":"page","link":"https:\/\/rosevonstein.de\/?page_id=32","title":{"rendered":"Krisenpr\u00e4vention"},"content":{"rendered":"<p>Vorbeugung seelischer und k\u00f6rperlicher St\u00f6rungen<br \/>\ndurch St\u00e4rkung der in jedem Menschen auch vorhandenen Ressourcen<\/p>\n","protected":false},"excerpt":{"rendered":"<p>Vorbeugung seelischer und k\u00f6rperlicher St\u00f6rungen durch St\u00e4rkung der in jedem Menschen auch vorhandenen Ressourcen<\/p>\n","protected":false},"author":1,"featured_media":38,"parent":4,"menu_order":0,"comment_status":"closed","ping_status":"closed","template":"","meta":[],"_links":{"self":[{"href":"https:\/\/rosevonstein.de\/index.php?rest_route=\/wp\/v2\/pages\/32"}],"collection":[{"href":"https:\/\/rosevonstein.de\/index.php?rest_route=\/wp\/v2\/pages"}],"about":[{"href":"https:\/\/rosevonstein.de\/index.php?rest_route=\/wp\/v2\/types\/page"}],"author":[{"embeddable":true,"href":"https:\/\/rosevonstein.de\/index.php?rest_route=\/wp\/v2\/users\/1"}],"replies":[{"embeddable":true,"href":"https:\/\/rosevonstein.de\/index.php?rest_route=%2Fwp%2Fv2%2Fcomments&post=32"}],"version-history":[{"count":1,"href":"https:\/\/rosevonstein.de\/index.php?rest_route=\/wp\/v2\/pages\/32\/revisions"}],"predecessor-version":[{"id":40,"href":"https:\/\/rosevonstein.de\/index.php?rest_route=\/wp\/v2\/pages\/32\/revisions\/40"}],"up":[{"embeddable":true,"href":"https:\/\/rosevonstein.de\/index.php?rest_route=\/wp\/v2\/pages\/4"}],"wp:featuredmedia":[{"embeddable":true,"href":"https:\/\/rosevonstein.de\/index.php?rest_route=\/wp\/v2\/media\/38"}],"wp:attachment":[{"href":"https:\/\/rosevonstein.de\/index.php?rest_route=%2Fwp%2Fv2%2Fmedia&parent=32"}],"curies":[{"name":"wp","href":"https:\/\/api.w.org\/{rel}","templated":true}]}}